{"id":5065,"date":"2021-10-26T10:00:15","date_gmt":"2021-10-26T10:00:15","guid":{"rendered":"https:\/\/microcontrol.net\/company\/contact\/sales-partners\/"},"modified":"2026-02-10T06:42:48","modified_gmt":"2026-02-10T06:42:48","slug":"sales-partners","status":"publish","type":"page","link":"https:\/\/www.microcontrol.net\/en\/company\/contact\/sales-partners\/","title":{"rendered":"Sales Partners"},"content":{"rendered":"<p>[et_pb_section fb_built=&#8221;1&#8243; custom_padding_last_edited=&#8221;on|desktop&#8221; admin_label=&#8221;Header&#8221; _builder_version=&#8221;4.17.3&#8243; background_color_gradient_direction=&#8221;176deg&#8221; background_image=&#8221;https:\/\/www.microcontrol.net\/wp-content\/uploads\/2021\/10\/MicoControl_Troisdorf_Fahnen.jpg&#8221; background_position=&#8221;center_right&#8221; width=&#8221;90%&#8221; custom_margin=&#8221;||||false|false&#8221; custom_margin_tablet=&#8221;&#8221; custom_margin_phone=&#8221;&#8221; custom_margin_last_edited=&#8221;on|tablet&#8221; custom_padding=&#8221;0px||||false|false&#8221; custom_padding_tablet=&#8221;0px||0px||false|true&#8221; custom_padding_phone=&#8221;0px||||false|false&#8221; background_last_edited=&#8221;off|tablet&#8221; background_size_phone=&#8221;cover&#8221; background_position_tablet=&#8221;top_center&#8221; background_position_phone=&#8221;center&#8221; locked=&#8221;off&#8221; global_colors_info=&#8221;{}&#8221;][et_pb_row column_structure=&#8221;1_2,1_2&#8243; _builder_version=&#8221;4.16&#8243; _module_preset=&#8221;default&#8221; background_color=&#8221;RGBA(0,0,0,0)&#8221; width=&#8221;100%&#8221; max_width=&#8221;100%&#8221; module_alignment=&#8221;center&#8221; custom_margin=&#8221;|0px|0px|0px|false|false&#8221; custom_padding=&#8221;||0px||false|false&#8221; global_colors_info=&#8221;{}&#8221;][et_pb_column type=&#8221;1_2&#8243; _builder_version=&#8221;4.16&#8243; _module_preset=&#8221;default&#8221; global_colors_info=&#8221;{}&#8221;][\/et_pb_column][et_pb_column type=&#8221;1_2&#8243; _builder_version=&#8221;4.16&#8243; _module_preset=&#8221;default&#8221; global_colors_info=&#8221;{}&#8221;][et_pb_image src=&#8221;https:\/\/www.microcontrol.net\/wp-content\/uploads\/2021\/03\/robotics-05-1.png&#8221; title_text=&#8221;robotics-05-1&#8243; show_bottom_space=&#8221;off&#8221; align=&#8221;right&#8221; _builder_version=&#8221;4.16&#8243; _module_preset=&#8221;default&#8221; background_enable_image=&#8221;off&#8221; background_size=&#8221;contain&#8221; background_position=&#8221;bottom_right&#8221; max_width_tablet=&#8221;50%&#8221; max_width_phone=&#8221;50%&#8221; max_width_last_edited=&#8221;on|desktop&#8221; module_alignment=&#8221;right&#8221; custom_margin=&#8221;50px|0px||0px|false|false&#8221; custom_padding=&#8221;|0px||0px|false|false&#8221; module_alignment_tablet=&#8221;&#8221; module_alignment_phone=&#8221;&#8221; module_alignment_last_edited=&#8221;on|phone&#8221; global_colors_info=&#8221;{}&#8221;][\/et_pb_image][\/et_pb_column][\/et_pb_row][\/et_pb_section][et_pb_section fb_built=&#8221;1&#8243; _builder_version=&#8221;4.16&#8243; _module_preset=&#8221;default&#8221; background_color=&#8221;RGBA(0,0,0,0)&#8221; custom_padding=&#8221;0px||0px|||&#8221; global_colors_info=&#8221;{}&#8221;][et_pb_row _builder_version=&#8221;4.16&#8243; _module_preset=&#8221;default&#8221; custom_margin=&#8221;|auto|-1px|auto||&#8221; global_colors_info=&#8221;{}&#8221;][et_pb_column type=&#8221;4_4&#8243; _builder_version=&#8221;4.16&#8243; _module_preset=&#8221;default&#8221; global_colors_info=&#8221;{}&#8221;][lwp_divi_breadcrumbs use_before_icon=&#8221;%22off%22&#8243; link_color=&#8221;%22#ef7c00%22&#8243; separator_color=&#8221;%22#565655%22&#8243; current_text_color=&#8221;%22#565655%22&#8243; _builder_version=&#8221;4.16&#8243; _module_preset=&#8221;%22default%22&#8243; global_colors_info=&#8221;%22{}%22&#8243;][\/lwp_divi_breadcrumbs][\/et_pb_column][\/et_pb_row][\/et_pb_section][et_pb_section fb_built=&#8221;1&#8243; _builder_version=&#8221;4.16&#8243; _module_preset=&#8221;default&#8221; custom_padding=&#8221;50px|||||&#8221; global_colors_info=&#8221;{}&#8221;][et_pb_row _builder_version=&#8221;4.16&#8243; _module_preset=&#8221;default&#8221; background_color=&#8221;RGBA(0,0,0,0)&#8221; custom_margin=&#8221;-2px|auto|0px|auto|false|false&#8221; custom_padding=&#8221;7px||0px||false|false&#8221; global_colors_info=&#8221;{}&#8221;][et_pb_column type=&#8221;4_4&#8243; _builder_version=&#8221;4.16&#8243; _module_preset=&#8221;default&#8221; global_colors_info=&#8221;{}&#8221;][et_pb_text _builder_version=&#8221;4.16&#8243; text_font=&#8221;|300|||||||&#8221; text_text_color=&#8221;#565655&#8243; text_font_size=&#8221;17px&#8221; header_font=&#8221;|600|||||||&#8221; header_text_color=&#8221;#ef7c00&#8243; header_font_size=&#8221;36px&#8221; header_line_height=&#8221;1.2em&#8221; header_2_font=&#8221;|600|||||||&#8221; header_2_text_color=&#8221;#ef7c00&#8243; header_2_font_size=&#8221;36px&#8221; header_2_line_height=&#8221;1.1em&#8221; background_layout=&#8221;dark&#8221; custom_margin=&#8221;0px||0px||false|false&#8221; custom_padding=&#8221;||20px||false|false&#8221; header_font_size_tablet=&#8221;36px&#8221; header_font_size_phone=&#8221;28px&#8221; header_font_size_last_edited=&#8221;on|phone&#8221; global_colors_info=&#8221;{}&#8221;]<\/p>\n<h1>Sales partners<\/h1>\n<p>[\/et_pb_text][et_pb_accordion use_icon_font_size=&#8221;on&#8221; icon_font_size=&#8221;20px&#8221; _builder_version=&#8221;4.27.4&#8243; _module_preset=&#8221;default&#8221; hover_enabled=&#8221;0&#8243; global_colors_info=&#8221;{}&#8221; sticky_enabled=&#8221;0&#8243;][et_pb_accordion_item title=&#8221;Australia&#8221; open=&#8221;on&#8221; open_toggle_text_color=&#8221;#ef7c00&#8243; closed_toggle_background_color=&#8221;#f7f7f7&#8243; _builder_version=&#8221;4.16&#8243; _module_preset=&#8221;default&#8221; body_font=&#8221;|300|||||||&#8221; body_font_size=&#8221;17px&#8221; global_colors_info=&#8221;{}&#8221; toggle_text_color=&#8221;#565655&#8243; toggle_font_size=&#8221;24px&#8221;]<\/p>\n<p><strong>CAN Automotion Australia Pty Ltd<\/strong><br \/>Factory 2, 21-29 Railway Avenue<br \/>Huntingdale VIC 3166<br \/><a href=\"https:\/\/www.canautomotion.com.au\">www.canautomotion.com.au<\/a><\/p>\n<p>Phone: +613 9568 4432<br \/>Fax: +613 9568 4667<br \/>E-mail: sales.int (at) microcontrol.net<\/p>\n<p>[\/et_pb_accordion_item][et_pb_accordion_item title=&#8221;Austria&#8221; open_toggle_text_color=&#8221;#ef7c00&#8243; closed_toggle_background_color=&#8221;#f7f7f7&#8243; _builder_version=&#8221;4.16&#8243; _module_preset=&#8221;default&#8221; body_font=&#8221;|300|||||||&#8221; body_font_size=&#8221;17px&#8221; global_colors_info=&#8221;{}&#8221; toggle_text_color=&#8221;#565655&#8243; toggle_font_size=&#8221;24px&#8221; open=&#8221;off&#8221;]<\/p>\n<p>GOGATEC Handelsges.m.b.H.<br \/>Gottfried Kainradl<br \/>Petritschgasse 20<br \/>1210 Wien<br \/>Austria<br \/><a href=\"https:\/\/www.gogatec.com\">www.gogatec.com<\/a><\/p>\n<p>Phone: +43 1 258 3 257 0<br \/>Fax: +43 1 258 3 257 17<br \/>E-Mail: sales.at (at) microcontrol.net<\/p>\n<p>[\/et_pb_accordion_item][et_pb_accordion_item title=&#8221;China&#8221; open_toggle_text_color=&#8221;#ef7c00&#8243; closed_toggle_background_color=&#8221;#f7f7f7&#8243; _builder_version=&#8221;4.16&#8243; _module_preset=&#8221;default&#8221; body_font=&#8221;|300|||||||&#8221; body_font_size=&#8221;17px&#8221; global_colors_info=&#8221;{}&#8221; toggle_text_color=&#8221;#565655&#8243; toggle_font_size=&#8221;24px&#8221; open=&#8221;off&#8221;]<\/p>\n<p><strong>HongKe Technology Co.,Ltd<\/strong><br \/>6th Floor, Building C, Runhui Science Park<br \/>No. 18 Shenzhou Road, Science City<br \/>510663 Huangpu Dist., Guangzhou City<br \/>China<br \/><a href=\"https:\/\/www.hkaco.com\">www.hkaco.com<\/a><\/p>\n<p>Phone: +86-20-3874 3030<br \/>Fax: +86-20-3874 3233<br \/>E-Mail: sales.cn (at) microcontrol.net<\/p>\n<p>[\/et_pb_accordion_item][et_pb_accordion_item title=&#8221;Finland&#8221; open_toggle_text_color=&#8221;#ef7c00&#8243; closed_toggle_background_color=&#8221;#f7f7f7&#8243; _builder_version=&#8221;4.16&#8243; _module_preset=&#8221;default&#8221; body_font=&#8221;|300|||||||&#8221; body_font_size=&#8221;17px&#8221; global_colors_info=&#8221;{}&#8221; toggle_text_color=&#8221;#565655&#8243; toggle_font_size=&#8221;24px&#8221; open=&#8221;off&#8221;]<\/p>\n<p>Fiseg Oy<br \/>Aki Luukkainen<br \/>H\u00e4m\u00e4l\u00e4istentie 34 B 3<br \/>02780 ESPOO<br \/>Finland<\/p>\n<p>Phone: +358 50 5726 268<\/p>\n<p>E-Mail: sales.fi (at) microcontrol.net<\/p>\n<p>[\/et_pb_accordion_item][et_pb_accordion_item title=&#8221;India&#8221; open_toggle_text_color=&#8221;#ef7c00&#8243; closed_toggle_background_color=&#8221;#f7f7f7&#8243; _builder_version=&#8221;4.20.4&#8243; _module_preset=&#8221;default&#8221; body_font=&#8221;|300|||||||&#8221; body_font_size=&#8221;17px&#8221; global_colors_info=&#8221;{}&#8221; toggle_text_color=&#8221;#565655&#8243; toggle_font_size=&#8221;24px&#8221; open=&#8221;off&#8221;]<\/p>\n<p><strong>CAN Automotion Pvt Ltd<\/strong><br \/>Basant Giri<br \/>S1, Sabarmathi Appartment, 99, Parvathinagar<br \/>First Main, Madambakkam<br \/>Chennai &#8211; <span>600073<\/span><br \/>India<br \/><a href=\"https:\/\/www.canautomotion.com\">www.canautomotion.com<\/a><\/p>\n<p>Phone: +91 44 2229 1539<br \/>Mobile: +91-<span>91500-28020<\/span><br \/>E-Mail: sales.in (at) microcontrol.net<\/p>\n<p>[\/et_pb_accordion_item][et_pb_accordion_item title=&#8221;Italy&#8221; open_toggle_text_color=&#8221;#ef7c00&#8243; closed_toggle_background_color=&#8221;#f7f7f7&#8243; _builder_version=&#8221;4.16&#8243; _module_preset=&#8221;default&#8221; body_font=&#8221;|300|||||||&#8221; body_font_size=&#8221;17px&#8221; global_colors_info=&#8221;{}&#8221; toggle_text_color=&#8221;#565655&#8243; toggle_font_size=&#8221;24px&#8221; open=&#8221;off&#8221;]<\/p>\n<p><strong>UControl s.r.l.<\/strong><br \/>Fabio Consonni<br \/>Via Antonio Stoppani 15<br \/>20852 Villasanta (MB)<br \/>Italy<br \/><a href=https:\/\/www.ucontrol.it>www.ucontrol.it<\/a><\/p>\n<p>Phone: +39-320 2553 803<br \/>E-Mail: sales.it (at) microcontrol.net<\/p>\n<p>[\/et_pb_accordion_item][et_pb_accordion_item title=&#8221;Poland \/ Czech Rep. \/ Slovak Rep. \/ Estonia \/ Latvia \/ Lithuania&#8221; open_toggle_text_color=&#8221;#ef7c00&#8243; closed_toggle_background_color=&#8221;#f7f7f7&#8243; _builder_version=&#8221;4.16&#8243; _module_preset=&#8221;default&#8221; body_font=&#8221;|300|||||||&#8221; body_font_size=&#8221;17px&#8221; global_colors_info=&#8221;{}&#8221; toggle_text_color=&#8221;#565655&#8243; toggle_font_size=&#8221;24px&#8221; open=&#8221;off&#8221;]<\/p>\n<p><strong>DIGA s.c.<\/strong><br \/>Jacek Barcik<br \/>ul. Zamkowa 1<br \/>44-109 Gliwice<br \/>Poland<br \/><a href=https:\/\/www.diga.biz.pl>www.diga.biz.pl<\/a><\/p>\n<p>Phone: +48 32 234 56 73<br \/>Fax: +48 32 234 56 73<br \/>E-Mail: sales.pl (at) microcontrol.net<\/p>\n<p>[\/et_pb_accordion_item][et_pb_accordion_item title=&#8221;Denmark \/ Norway \/ Sweden&#8221; open_toggle_text_color=&#8221;#ef7c00&#8243; closed_toggle_background_color=&#8221;#f7f7f7&#8243; _builder_version=&#8221;4.16&#8243; _module_preset=&#8221;default&#8221; body_font=&#8221;|300|||||||&#8221; body_font_size=&#8221;17px&#8221; global_colors_info=&#8221;{}&#8221; toggle_text_color=&#8221;#565655&#8243; toggle_font_size=&#8221;24px&#8221; open=&#8221;off&#8221;]<\/p>\n<p><strong>Load Indicator System AB<\/strong><br \/>E A Rosengrens Gata 32<br \/>421 31 V\u00e4stra Fr\u00f6lunda<br \/>Sweden<br \/><a href=https:\/\/www.lisab.se>www.lisab.se<\/a><\/p>\n<p>Phone: +46-31-722 79 00<br \/>Fax: +46-31-704 22 85<br \/>E-Mail: sales.swe (at) microcontrol.net<\/p>\n<p>[\/et_pb_accordion_item][et_pb_accordion_item title=&#8221;United Kingdom&#8221; open_toggle_text_color=&#8221;#ef7c00&#8243; closed_toggle_background_color=&#8221;#f7f7f7&#8243; _builder_version=&#8221;4.17.6&#8243; _module_preset=&#8221;default&#8221; body_font=&#8221;|300|||||||&#8221; body_font_size=&#8221;17px&#8221; global_colors_info=&#8221;{}&#8221; toggle_text_color=&#8221;#565655&#8243; toggle_font_size=&#8221;24px&#8221; open=&#8221;off&#8221;]<\/p>\n<p><strong>DAQLOG Systems Ltd<\/strong><br \/>Leigh Thomas<br \/>Brixham Laboratory<br \/>Freshwater Quarry<br \/>Brixham, Devon, TQ5 8BA<br \/>Great Britain<br \/><a href=\"https:\/\/daqlogsystems.co.uk\/\">www.daqlogsystems.co.uk<\/a><\/p>\n<p>Phone: +44 1803 611854<br \/>Phone: +44 7908 298 533<br \/>E-Mail: sales.uk (at) microcontrol.net<\/p>\n<p>[\/et_pb_accordion_item][et_pb_accordion_item title=&#8221;USA&#8221; open_toggle_text_color=&#8221;#ef7c00&#8243; closed_toggle_background_color=&#8221;#f7f7f7&#8243; _builder_version=&#8221;4.16&#8243; _module_preset=&#8221;default&#8221; body_font=&#8221;|300|||||||&#8221; body_font_size=&#8221;17px&#8221; global_colors_info=&#8221;{}&#8221; toggle_text_color=&#8221;#565655&#8243; toggle_font_size=&#8221;24px&#8221; open=&#8221;off&#8221;]<\/p>\n<p>STW Technic, LP<br \/>3000 Northwoods Parkway<br \/>Suite 240<br \/>Norcross, GA 30071<br \/>USA<br \/><a href=https:\/\/www.stw-technic.com>www.stw-technic.com<\/a><\/p>\n<p>Phone: +1-770-242-1002<br \/>Fax:+1-770-242-1006<br \/>E-Mail: sales.us (at) microcontrol.net<\/p>\n<p>[\/et_pb_accordion_item][\/et_pb_accordion][\/et_pb_column][\/et_pb_row][\/et_pb_section][et_pb_section fb_built=&#8221;1&#8243; _builder_version=&#8221;4.16&#8243; _module_preset=&#8221;default&#8221; custom_margin=&#8221;0px||||false|false&#8221; custom_padding=&#8221;0px||||false|false&#8221; global_colors_info=&#8221;{}&#8221;][et_pb_row _builder_version=&#8221;4.16&#8243; _module_preset=&#8221;default&#8221; custom_margin=&#8221;0px||||false|false&#8221; custom_padding=&#8221;0px||||false|false&#8221; global_colors_info=&#8221;{}&#8221;][et_pb_column type=&#8221;4_4&#8243; _builder_version=&#8221;4.16&#8243; _module_preset=&#8221;default&#8221; global_colors_info=&#8221;{}&#8221;][\/et_pb_column][\/et_pb_row][\/et_pb_section]<\/p>\n","protected":false},"excerpt":{"rendered":"<p><div class=\"et_pb_module lwp_divi_breadcrumbs lwp_divi_breadcrumbs_0\">\n\t\t\t\t\n\t\t\t\t\n\t\t\t\t\n\t\t\t\t\n\t\t\t\t\n\t\t\t\t\n\t\t\t\t<div class=\"et_pb_module_inner\">\n\t\t\t\t\t<div class=\"lwp-breadcrumbs\"> <span class=\"before\"><\/span> <span vocab=\"https:\/\/schema.org\/\" typeof=\"BreadcrumbList\"><span property=\"itemListElement\" typeof=\"ListItem\"><a property=\"item\" typeof=\"WebPage\" href=\"https:\/\/www.microcontrol.net\/en\/\" class=\"home\"><span property=\"name\">Home<\/span><\/a><meta property=\"position\" content=\"1\"><\/span> <span class=\"separator et-pb-icon\">&#x39;<\/span> <\/span><\/div>\n\t\t\t\t<\/div>\n\t\t\t<\/div>Sales partnersCAN Automotion Australia Pty LtdFactory 2, 21-29 Railway AvenueHuntingdale VIC 3166www.canautomotion.com.au Phone: +613 9568 4432Fax: +613 9568 4667E-mail: sales.int (at) microcontrol.netGOGATEC Handelsges.m.b.H.Gottfried KainradlPetritschgasse 201210 WienAustriawww.gogatec.com Phone: +43 1 258 3 257 0Fax: +43 1 258 3 257 17E-Mail: sales.at (at) microcontrol.netHongKe Technology Co.,Ltd6th Floor, Building C, Runhui [&hellip;]<\/p>\n","protected":false},"author":1,"featured_media":0,"parent":5049,"menu_order":0,"comment_status":"closed","ping_status":"closed","template":"","meta":{"_et_pb_use_builder":"on","_et_pb_old_content":"","_et_gb_content_width":"","footnotes":""},"class_list":["post-5065","page","type-page","status-publish","hentry"],"yoast_head":"<!-- This site is optimized with the Yoast SEO plugin v27.5 - https:\/\/yoast.com\/product\/yoast-seo-wordpress\/ -->\n<title>Sales Partners - MicroControl<\/title>\n<meta name=\"description\" content=\"Distribution partners of MicroControl GmbH &amp; Co. KG - systems provider of automation technology.\" \/>\n<meta name=\"robots\" content=\"index, follow, max-snippet:-1, max-image-preview:large, max-video-preview:-1\" \/>\n<link rel=\"canonical\" href=\"https:\/\/www.microcontrol.net\/en\/company\/contact\/sales-partners\/\" \/>\n<meta property=\"og:locale\" content=\"en_US\" \/>\n<meta property=\"og:type\" content=\"article\" \/>\n<meta property=\"og:title\" content=\"Sales Partners - MicroControl\" \/>\n<meta property=\"og:description\" content=\"Distribution partners of MicroControl GmbH &amp; Co. KG - systems provider of automation technology.\" \/>\n<meta property=\"og:url\" content=\"https:\/\/www.microcontrol.net\/en\/company\/contact\/sales-partners\/\" \/>\n<meta property=\"og:site_name\" content=\"MicroControl\" \/>\n<meta property=\"article:modified_time\" content=\"2026-02-10T06:42:48+00:00\" \/>\n<script type=\"application\/ld+json\" class=\"yoast-schema-graph\">{\"@context\":\"https:\\\/\\\/schema.org\",\"@graph\":[{\"@type\":\"WebPage\",\"@id\":\"https:\\\/\\\/www.microcontrol.net\\\/en\\\/company\\\/contact\\\/sales-partners\\\/\",\"url\":\"https:\\\/\\\/www.microcontrol.net\\\/en\\\/company\\\/contact\\\/sales-partners\\\/\",\"name\":\"Sales Partners - MicroControl\",\"isPartOf\":{\"@id\":\"https:\\\/\\\/www.microcontrol.net\\\/en\\\/#website\"},\"datePublished\":\"2021-10-26T10:00:15+00:00\",\"dateModified\":\"2026-02-10T06:42:48+00:00\",\"description\":\"Distribution partners of MicroControl GmbH & Co. KG - systems provider of automation technology.\",\"breadcrumb\":{\"@id\":\"https:\\\/\\\/www.microcontrol.net\\\/en\\\/company\\\/contact\\\/sales-partners\\\/#breadcrumb\"},\"inLanguage\":\"en-US\",\"potentialAction\":[{\"@type\":\"ReadAction\",\"target\":[\"https:\\\/\\\/www.microcontrol.net\\\/en\\\/company\\\/contact\\\/sales-partners\\\/\"]}]},{\"@type\":\"BreadcrumbList\",\"@id\":\"https:\\\/\\\/www.microcontrol.net\\\/en\\\/company\\\/contact\\\/sales-partners\\\/#breadcrumb\",\"itemListElement\":[{\"@type\":\"ListItem\",\"position\":1,\"name\":\"Startseite\",\"item\":\"https:\\\/\\\/www.microcontrol.net\\\/en\\\/\"},{\"@type\":\"ListItem\",\"position\":2,\"name\":\"Company\",\"item\":\"https:\\\/\\\/www.microcontrol.net\\\/en\\\/company\\\/\"},{\"@type\":\"ListItem\",\"position\":3,\"name\":\"Contact\",\"item\":\"https:\\\/\\\/www.microcontrol.net\\\/en\\\/company\\\/contact\\\/\"},{\"@type\":\"ListItem\",\"position\":4,\"name\":\"Sales Partners\"}]},{\"@type\":\"WebSite\",\"@id\":\"https:\\\/\\\/www.microcontrol.net\\\/en\\\/#website\",\"url\":\"https:\\\/\\\/www.microcontrol.net\\\/en\\\/\",\"name\":\"MicroControl\",\"description\":\"Systemhaus f\u00fcr Automatisierung\",\"publisher\":{\"@id\":\"https:\\\/\\\/www.microcontrol.net\\\/en\\\/#organization\"},\"potentialAction\":[{\"@type\":\"SearchAction\",\"target\":{\"@type\":\"EntryPoint\",\"urlTemplate\":\"https:\\\/\\\/www.microcontrol.net\\\/en\\\/?s={search_term_string}\"},\"query-input\":{\"@type\":\"PropertyValueSpecification\",\"valueRequired\":true,\"valueName\":\"search_term_string\"}}],\"inLanguage\":\"en-US\"},{\"@type\":\"Organization\",\"@id\":\"https:\\\/\\\/www.microcontrol.net\\\/en\\\/#organization\",\"name\":\"MicroControl\",\"url\":\"https:\\\/\\\/www.microcontrol.net\\\/en\\\/\",\"logo\":{\"@type\":\"ImageObject\",\"inLanguage\":\"en-US\",\"@id\":\"https:\\\/\\\/www.microcontrol.net\\\/en\\\/#\\\/schema\\\/logo\\\/image\\\/\",\"url\":\"https:\\\/\\\/www.microcontrol.net\\\/wp-content\\\/uploads\\\/2023\\\/07\\\/mc_logo_800px_square.jpg\",\"contentUrl\":\"https:\\\/\\\/www.microcontrol.net\\\/wp-content\\\/uploads\\\/2023\\\/07\\\/mc_logo_800px_square.jpg\",\"width\":800,\"height\":800,\"caption\":\"MicroControl\"},\"image\":{\"@id\":\"https:\\\/\\\/www.microcontrol.net\\\/en\\\/#\\\/schema\\\/logo\\\/image\\\/\"},\"sameAs\":[\"https:\\\/\\\/www.linkedin.com\\\/company\\\/3591995\\\/admin\\\/dashboard\\\/\"]}]}<\/script>\n<!-- \/ Yoast SEO plugin. -->","yoast_head_json":{"title":"Sales Partners - MicroControl","description":"Distribution partners of MicroControl GmbH & Co. KG - systems provider of automation technology.","robots":{"index":"index","follow":"follow","max-snippet":"max-snippet:-1","max-image-preview":"max-image-preview:large","max-video-preview":"max-video-preview:-1"},"canonical":"https:\/\/www.microcontrol.net\/en\/company\/contact\/sales-partners\/","og_locale":"en_US","og_type":"article","og_title":"Sales Partners - MicroControl","og_description":"Distribution partners of MicroControl GmbH & Co. KG - systems provider of automation technology.","og_url":"https:\/\/www.microcontrol.net\/en\/company\/contact\/sales-partners\/","og_site_name":"MicroControl","article_modified_time":"2026-02-10T06:42:48+00:00","schema":{"@context":"https:\/\/schema.org","@graph":[{"@type":"WebPage","@id":"https:\/\/www.microcontrol.net\/en\/company\/contact\/sales-partners\/","url":"https:\/\/www.microcontrol.net\/en\/company\/contact\/sales-partners\/","name":"Sales Partners - MicroControl","isPartOf":{"@id":"https:\/\/www.microcontrol.net\/en\/#website"},"datePublished":"2021-10-26T10:00:15+00:00","dateModified":"2026-02-10T06:42:48+00:00","description":"Distribution partners of MicroControl GmbH & Co. KG - systems provider of automation technology.","breadcrumb":{"@id":"https:\/\/www.microcontrol.net\/en\/company\/contact\/sales-partners\/#breadcrumb"},"inLanguage":"en-US","potentialAction":[{"@type":"ReadAction","target":["https:\/\/www.microcontrol.net\/en\/company\/contact\/sales-partners\/"]}]},{"@type":"BreadcrumbList","@id":"https:\/\/www.microcontrol.net\/en\/company\/contact\/sales-partners\/#breadcrumb","itemListElement":[{"@type":"ListItem","position":1,"name":"Startseite","item":"https:\/\/www.microcontrol.net\/en\/"},{"@type":"ListItem","position":2,"name":"Company","item":"https:\/\/www.microcontrol.net\/en\/company\/"},{"@type":"ListItem","position":3,"name":"Contact","item":"https:\/\/www.microcontrol.net\/en\/company\/contact\/"},{"@type":"ListItem","position":4,"name":"Sales Partners"}]},{"@type":"WebSite","@id":"https:\/\/www.microcontrol.net\/en\/#website","url":"https:\/\/www.microcontrol.net\/en\/","name":"MicroControl","description":"Systemhaus f\u00fcr Automatisierung","publisher":{"@id":"https:\/\/www.microcontrol.net\/en\/#organization"},"potentialAction":[{"@type":"SearchAction","target":{"@type":"EntryPoint","urlTemplate":"https:\/\/www.microcontrol.net\/en\/?s={search_term_string}"},"query-input":{"@type":"PropertyValueSpecification","valueRequired":true,"valueName":"search_term_string"}}],"inLanguage":"en-US"},{"@type":"Organization","@id":"https:\/\/www.microcontrol.net\/en\/#organization","name":"MicroControl","url":"https:\/\/www.microcontrol.net\/en\/","logo":{"@type":"ImageObject","inLanguage":"en-US","@id":"https:\/\/www.microcontrol.net\/en\/#\/schema\/logo\/image\/","url":"https:\/\/www.microcontrol.net\/wp-content\/uploads\/2023\/07\/mc_logo_800px_square.jpg","contentUrl":"https:\/\/www.microcontrol.net\/wp-content\/uploads\/2023\/07\/mc_logo_800px_square.jpg","width":800,"height":800,"caption":"MicroControl"},"image":{"@id":"https:\/\/www.microcontrol.net\/en\/#\/schema\/logo\/image\/"},"sameAs":["https:\/\/www.linkedin.com\/company\/3591995\/admin\/dashboard\/"]}]}},"_links":{"self":[{"href":"https:\/\/www.microcontrol.net\/en\/wp-json\/wp\/v2\/pages\/5065","targetHints":{"allow":["GET"]}}],"collection":[{"href":"https:\/\/www.microcontrol.net\/en\/wp-json\/wp\/v2\/pages"}],"about":[{"href":"https:\/\/www.microcontrol.net\/en\/wp-json\/wp\/v2\/types\/page"}],"author":[{"embeddable":true,"href":"https:\/\/www.microcontrol.net\/en\/wp-json\/wp\/v2\/users\/1"}],"replies":[{"embeddable":true,"href":"https:\/\/www.microcontrol.net\/en\/wp-json\/wp\/v2\/comments?post=5065"}],"version-history":[{"count":0,"href":"https:\/\/www.microcontrol.net\/en\/wp-json\/wp\/v2\/pages\/5065\/revisions"}],"up":[{"embeddable":true,"href":"https:\/\/www.microcontrol.net\/en\/wp-json\/wp\/v2\/pages\/5049"}],"wp:attachment":[{"href":"https:\/\/www.microcontrol.net\/en\/wp-json\/wp\/v2\/media?parent=5065"}],"curies":[{"name":"wp","href":"https:\/\/api.w.org\/{rel}","templated":true}]}}